{"id":78,"date":"2017-09-22T16:38:13","date_gmt":"2017-09-22T14:38:13","guid":{"rendered":"http:\/\/psychologue-carolineverges.com\/?page_id=78"},"modified":"2017-09-22T16:41:31","modified_gmt":"2017-09-22T14:41:31","slug":"charte-et-code-deontologique","status":"publish","type":"page","link":"https:\/\/psychologue-carolineverges.com\/index.php\/charte-et-code-deontologique\/","title":{"rendered":"Code d\u00e9ontologique"},"content":{"rendered":"<p><strong>\u00ab\u00a0<em>Le respect de la personne dans sa dimension psychique est un droit inali\u00e9nable. Sa reconnaissance fonde l\u2019action des psychologues.<\/em>\u00a0\u00bb <\/strong>(conf\u00e8re code d\u00e9ontologique des psychologues fran\u00e7ais)<\/p>\n<p>Le code de d\u00e9ontologie commun aux psychologues et psychoth\u00e9rapeutes d\u00e9termine un ensemble de r\u00e8gles que tous les praticiens, quelques soit leur mode d\u2019exercice et leur cadre professionnel, s\u2019engage \u00e0 appliquer dans la relation qu\u2019ils \u00e9tablissent avec toute personne qu\u2019ils accompagnent dans un processus d\u2019accompagnement ou de psychoth\u00e9rapie.<\/p>\n<p>Cet ensemble de r\u00e8gles vise \u00e0 prot\u00e9ger la personne accompagn\u00e9e de toute utilisation abusive de la psychologie et de la psychoth\u00e9rapie. Elles visent aussi \u00e0 prot\u00e9ger le praticien.<\/p>\n<p><a href=\"http:\/\/www.codededeontologiedespsychologues.fr\/LE-CODE.html\">http:\/\/www.codededeontologiedespsychologues.fr\/LE-CODE.html<\/a><\/p>\n<p>&nbsp;<\/p>\n","protected":false},"excerpt":{"rendered":"<p>\u00ab\u00a0Le respect de la personne dans sa dimension psychique est un droit inali\u00e9nable. Sa reconnaissance fonde l\u2019action des psychologues.\u00a0\u00bb (conf\u00e8re code d\u00e9ontologique des psychologues fran\u00e7ais) Le code de d\u00e9ontologie commun aux psychologues et psychoth\u00e9rapeutes d\u00e9termine un ensemble de r\u00e8gles que tous les praticiens, quelques soit leur mode d\u2019exercice et leur cadre professionnel, s\u2019engage \u00e0 appliquer [&hellip;]<\/p>\n","protected":false},"author":1,"featured_media":0,"parent":0,"menu_order":0,"comment_status":"closed","ping_status":"closed","template":"template-full-width.php","meta":{"footnotes":""},"class_list":["post-78","page","type-page","status-publish","hentry"],"yoast_head":"<!-- This site is optimized with the Yoast SEO plugin v27.0 - https:\/\/yoast.com\/product\/yoast-seo-wordpress\/ -->\n<title>Code d\u00e9ontologique - Caroline Verg\u00e8s<\/title>\n<meta name=\"robots\" content=\"index, follow, max-snippet:-1, max-image-preview:large, max-video-preview:-1\" \/>\n<link rel=\"canonical\" href=\"https:\/\/psychologue-carolineverges.com\/index.php\/charte-et-code-deontologique\/\" \/>\n<meta property=\"og:locale\" content=\"fr_FR\" \/>\n<meta property=\"og:type\" content=\"article\" \/>\n<meta property=\"og:title\" content=\"Code d\u00e9ontologique - Caroline Verg\u00e8s\" \/>\n<meta property=\"og:description\" content=\"\u00ab\u00a0Le respect de la personne dans sa dimension psychique est un droit inali\u00e9nable. Sa reconnaissance fonde l\u2019action des psychologues.\u00a0\u00bb (conf\u00e8re code d\u00e9ontologique des psychologues fran\u00e7ais) Le code de d\u00e9ontologie commun aux psychologues et psychoth\u00e9rapeutes d\u00e9termine un ensemble de r\u00e8gles que tous les praticiens, quelques soit leur mode d\u2019exercice et leur cadre professionnel, s\u2019engage \u00e0 appliquer [&hellip;]\" \/>\n<meta property=\"og:url\" content=\"https:\/\/psychologue-carolineverges.com\/index.php\/charte-et-code-deontologique\/\" \/>\n<meta property=\"og:site_name\" content=\"Caroline Verg\u00e8s\" \/>\n<meta property=\"article:modified_time\" content=\"2017-09-22T14:41:31+00:00\" \/>\n<meta name=\"twitter:card\" content=\"summary_large_image\" \/>\n<meta name=\"twitter:label1\" content=\"Dur\u00e9e de lecture estim\u00e9e\" \/>\n\t<meta name=\"twitter:data1\" content=\"1 minute\" \/>\n<script type=\"application\/ld+json\" class=\"yoast-schema-graph\">{\"@context\":\"https:\/\/schema.org\",\"@graph\":[{\"@type\":\"WebPage\",\"@id\":\"https:\/\/psychologue-carolineverges.com\/index.php\/charte-et-code-deontologique\/\",\"url\":\"https:\/\/psychologue-carolineverges.com\/index.php\/charte-et-code-deontologique\/\",\"name\":\"Code d\u00e9ontologique - Caroline Verg\u00e8s\",\"isPartOf\":{\"@id\":\"https:\/\/psychologue-carolineverges.com\/#website\"},\"datePublished\":\"2017-09-22T14:38:13+00:00\",\"dateModified\":\"2017-09-22T14:41:31+00:00\",\"breadcrumb\":{\"@id\":\"https:\/\/psychologue-carolineverges.com\/index.php\/charte-et-code-deontologique\/#breadcrumb\"},\"inLanguage\":\"fr-FR\",\"potentialAction\":[{\"@type\":\"ReadAction\",\"target\":[\"https:\/\/psychologue-carolineverges.com\/index.php\/charte-et-code-deontologique\/\"]}]},{\"@type\":\"BreadcrumbList\",\"@id\":\"https:\/\/psychologue-carolineverges.com\/index.php\/charte-et-code-deontologique\/#breadcrumb\",\"itemListElement\":[{\"@type\":\"ListItem\",\"position\":1,\"name\":\"Accueil\",\"item\":\"https:\/\/psychologue-carolineverges.com\/\"},{\"@type\":\"ListItem\",\"position\":2,\"name\":\"Code d\u00e9ontologique\"}]},{\"@type\":\"WebSite\",\"@id\":\"https:\/\/psychologue-carolineverges.com\/#website\",\"url\":\"https:\/\/psychologue-carolineverges.com\/\",\"name\":\"Caroline Verg\u00e8s\",\"description\":\"Psychologue - Th\u00e9rapeute\",\"potentialAction\":[{\"@type\":\"SearchAction\",\"target\":{\"@type\":\"EntryPoint\",\"urlTemplate\":\"https:\/\/psychologue-carolineverges.com\/?s={search_term_string}\"},\"query-input\":{\"@type\":\"PropertyValueSpecification\",\"valueRequired\":true,\"valueName\":\"search_term_string\"}}],\"inLanguage\":\"fr-FR\"}]}<\/script>\n<!-- \/ Yoast SEO plugin. -->","yoast_head_json":{"title":"Code d\u00e9ontologique - Caroline Verg\u00e8s","robots":{"index":"index","follow":"follow","max-snippet":"max-snippet:-1","max-image-preview":"max-image-preview:large","max-video-preview":"max-video-preview:-1"},"canonical":"https:\/\/psychologue-carolineverges.com\/index.php\/charte-et-code-deontologique\/","og_locale":"fr_FR","og_type":"article","og_title":"Code d\u00e9ontologique - Caroline Verg\u00e8s","og_description":"\u00ab\u00a0Le respect de la personne dans sa dimension psychique est un droit inali\u00e9nable. Sa reconnaissance fonde l\u2019action des psychologues.\u00a0\u00bb (conf\u00e8re code d\u00e9ontologique des psychologues fran\u00e7ais) Le code de d\u00e9ontologie commun aux psychologues et psychoth\u00e9rapeutes d\u00e9termine un ensemble de r\u00e8gles que tous les praticiens, quelques soit leur mode d\u2019exercice et leur cadre professionnel, s\u2019engage \u00e0 appliquer [&hellip;]","og_url":"https:\/\/psychologue-carolineverges.com\/index.php\/charte-et-code-deontologique\/","og_site_name":"Caroline Verg\u00e8s","article_modified_time":"2017-09-22T14:41:31+00:00","twitter_card":"summary_large_image","twitter_misc":{"Dur\u00e9e de lecture estim\u00e9e":"1 minute"},"schema":{"@context":"https:\/\/schema.org","@graph":[{"@type":"WebPage","@id":"https:\/\/psychologue-carolineverges.com\/index.php\/charte-et-code-deontologique\/","url":"https:\/\/psychologue-carolineverges.com\/index.php\/charte-et-code-deontologique\/","name":"Code d\u00e9ontologique - Caroline Verg\u00e8s","isPartOf":{"@id":"https:\/\/psychologue-carolineverges.com\/#website"},"datePublished":"2017-09-22T14:38:13+00:00","dateModified":"2017-09-22T14:41:31+00:00","breadcrumb":{"@id":"https:\/\/psychologue-carolineverges.com\/index.php\/charte-et-code-deontologique\/#breadcrumb"},"inLanguage":"fr-FR","potentialAction":[{"@type":"ReadAction","target":["https:\/\/psychologue-carolineverges.com\/index.php\/charte-et-code-deontologique\/"]}]},{"@type":"BreadcrumbList","@id":"https:\/\/psychologue-carolineverges.com\/index.php\/charte-et-code-deontologique\/#breadcrumb","itemListElement":[{"@type":"ListItem","position":1,"name":"Accueil","item":"https:\/\/psychologue-carolineverges.com\/"},{"@type":"ListItem","position":2,"name":"Code d\u00e9ontologique"}]},{"@type":"WebSite","@id":"https:\/\/psychologue-carolineverges.com\/#website","url":"https:\/\/psychologue-carolineverges.com\/","name":"Caroline Verg\u00e8s","description":"Psychologue - Th\u00e9rapeute","potentialAction":[{"@type":"SearchAction","target":{"@type":"EntryPoint","urlTemplate":"https:\/\/psychologue-carolineverges.com\/?s={search_term_string}"},"query-input":{"@type":"PropertyValueSpecification","valueRequired":true,"valueName":"search_term_string"}}],"inLanguage":"fr-FR"}]}},"_links":{"self":[{"href":"https:\/\/psychologue-carolineverges.com\/index.php\/wp-json\/wp\/v2\/pages\/78","targetHints":{"allow":["GET"]}}],"collection":[{"href":"https:\/\/psychologue-carolineverges.com\/index.php\/wp-json\/wp\/v2\/pages"}],"about":[{"href":"https:\/\/psychologue-carolineverges.com\/index.php\/wp-json\/wp\/v2\/types\/page"}],"author":[{"embeddable":true,"href":"https:\/\/psychologue-carolineverges.com\/index.php\/wp-json\/wp\/v2\/users\/1"}],"replies":[{"embeddable":true,"href":"https:\/\/psychologue-carolineverges.com\/index.php\/wp-json\/wp\/v2\/comments?post=78"}],"version-history":[{"count":3,"href":"https:\/\/psychologue-carolineverges.com\/index.php\/wp-json\/wp\/v2\/pages\/78\/revisions"}],"predecessor-version":[{"id":82,"href":"https:\/\/psychologue-carolineverges.com\/index.php\/wp-json\/wp\/v2\/pages\/78\/revisions\/82"}],"wp:attachment":[{"href":"https:\/\/psychologue-carolineverges.com\/index.php\/wp-json\/wp\/v2\/media?parent=78"}],"curies":[{"name":"wp","href":"https:\/\/api.w.org\/{rel}","templated":true}]}}