{"id":33,"date":"2017-09-22T15:13:21","date_gmt":"2017-09-22T13:13:21","guid":{"rendered":"http:\/\/psychologue-carolineverges.com\/?page_id=33"},"modified":"2026-02-20T10:19:57","modified_gmt":"2026-02-20T09:19:57","slug":"ma-pratique","status":"publish","type":"page","link":"https:\/\/psychologue-carolineverges.com\/index.php\/ma-pratique\/","title":{"rendered":"Ma pratique"},"content":{"rendered":"<p>Chaque individu \u00e9tant unique, j\u2019adapte ma prise en charge th\u00e9rapeutique en fonction de votre demande, de votre probl\u00e9matique et de vos caract\u00e9ristiques personnelles. Mon approche s\u2019inspire de l\u2019orientation humaniste et int\u00e9grative, fond\u00e9e sur la th\u00e9orie que l\u2019\u00eatre humain porte en lui le potentiel d\u2019aller mieux et de se r\u00e9aliser pleinement.<\/p>\n<p>Les entretiens ont lieu sous couvert du secret professionnel et en accord avec le code de d\u00e9ontologie des psychologues. De fait, aucune information d\u00e9livr\u00e9e au sein d\u2019une consultation n\u2019est transmise \u00e0 un tiers sans votre accord pr\u00e9alable.<\/p>\n<p>La psychologie \u00e9tant une science en mouvement, la recherche \u00e9voluant en permanence, je veille \u00e0 enrichir mes connaissances par des formations continues, ainsi qu\u2019une supervision r\u00e9guli\u00e8re pour garantir un travail de qualit\u00e9 et prendre du recul sur ma pratique.<\/p>\n<p>Lors d\u2019une premi\u00e8re s\u00e9ance, nous ferons connaissance\u00a0: le travail th\u00e9rapeutique \u00e9tant une rencontre humaine, il est important de vous sentir \u00e0 l\u2019aise et en confiance. Au cours de cet \u00e9change, nous aborderons votre demande, vos besoins et vos attentes li\u00e9es \u00e0 cette d\u00e9marche. Ce sera aussi l\u2019occasion pour moi de vous expliciter ma d\u00e9marche, le cadre th\u00e9rapeutique et de r\u00e9pondre \u00e0 vos questions.<\/p>\n<p>Ce premier entretien ne vous engage en rien, vous pourrez faire le choix de fixer un autre rendez-vous, de prendre le temps de la r\u00e9flexion ou de faire appel \u00e0 un autre th\u00e9rapeute qui vous conviendra davantage.<\/p>\n<p>Si votre demande ne peut \u00eatre couverte par mon domaine de comp\u00e9tences, j\u2019essaierai de vous conseiller d\u2019autres th\u00e9rapeutes si vous le souhaitez.<\/p>\n<p><em><strong>Dur\u00e9e\u00a0:<\/strong><\/em> la consultation dure environ 1 heure, en face \u00e0 face.<\/p>\n<p><em><strong>Rythme\u00a0:<\/strong> <\/em>la fr\u00e9quence des s\u00e9ances d\u00e9pend de votre demande, de votre situation, de vos possibilit\u00e9s et de l\u2019\u00e9volution de votre travail th\u00e9rapeutique. Ensemble nous d\u00e9finirons le rythme qui vous convient le mieux, sachant que celui-ci pourra \u00eatre r\u00e9ajust\u00e9 dans le temps.<\/p>\n<p><em><strong>Tarifs : <\/strong><\/em><\/p>\n<ul>\n<li>60 \u20acuros \/ heure<\/li>\n<\/ul>\n<p><em><strong>Moyens de paiement\u00a0:<\/strong><\/em> les ch\u00e8ques ou les r\u00e8glements en esp\u00e8ces.<\/p>\n<p><em><strong>S\u00e9ances manqu\u00e9es\u00a0:<\/strong><\/em> toute s\u00e9ance non d\u00e9command\u00e9e 48 heures \u00e0 l\u2019avance sera due.<\/p>\n<p>Les consultations aupr\u00e8s d&rsquo;un psychologue ne sont pas prises en charge par la S\u00e9curit\u00e9 Sociale. Cependant, certaines mutuelles remboursent une partie de ces soins. Renseignez-vous aupr\u00e8s de votre mutuelle.<\/p>\n","protected":false},"excerpt":{"rendered":"<p>Chaque individu \u00e9tant unique, j\u2019adapte ma prise en charge th\u00e9rapeutique en fonction de votre demande, de votre probl\u00e9matique et de vos caract\u00e9ristiques personnelles. Mon approche s\u2019inspire de l\u2019orientation humaniste et int\u00e9grative, fond\u00e9e sur la th\u00e9orie que l\u2019\u00eatre humain porte en lui le potentiel d\u2019aller mieux et de se r\u00e9aliser pleinement. Les entretiens ont lieu sous [&hellip;]<\/p>\n","protected":false},"author":1,"featured_media":0,"parent":0,"menu_order":0,"comment_status":"closed","ping_status":"closed","template":"template-full-width.php","meta":{"footnotes":""},"class_list":["post-33","page","type-page","status-publish","hentry"],"yoast_head":"<!-- This site is optimized with the Yoast SEO plugin v27.0 - https:\/\/yoast.com\/product\/yoast-seo-wordpress\/ -->\n<title>Ma pratique - Caroline Verg\u00e8s<\/title>\n<meta name=\"robots\" content=\"index, follow, max-snippet:-1, max-image-preview:large, max-video-preview:-1\" \/>\n<link rel=\"canonical\" href=\"https:\/\/psychologue-carolineverges.com\/index.php\/ma-pratique\/\" \/>\n<meta property=\"og:locale\" content=\"fr_FR\" \/>\n<meta property=\"og:type\" content=\"article\" \/>\n<meta property=\"og:title\" content=\"Ma pratique - Caroline Verg\u00e8s\" \/>\n<meta property=\"og:description\" content=\"Chaque individu \u00e9tant unique, j\u2019adapte ma prise en charge th\u00e9rapeutique en fonction de votre demande, de votre probl\u00e9matique et de vos caract\u00e9ristiques personnelles. Mon approche s\u2019inspire de l\u2019orientation humaniste et int\u00e9grative, fond\u00e9e sur la th\u00e9orie que l\u2019\u00eatre humain porte en lui le potentiel d\u2019aller mieux et de se r\u00e9aliser pleinement. Les entretiens ont lieu sous [&hellip;]\" \/>\n<meta property=\"og:url\" content=\"https:\/\/psychologue-carolineverges.com\/index.php\/ma-pratique\/\" \/>\n<meta property=\"og:site_name\" content=\"Caroline Verg\u00e8s\" \/>\n<meta property=\"article:modified_time\" content=\"2026-02-20T09:19:57+00:00\" \/>\n<meta name=\"twitter:card\" content=\"summary_large_image\" \/>\n<meta name=\"twitter:label1\" content=\"Dur\u00e9e de lecture estim\u00e9e\" \/>\n\t<meta name=\"twitter:data1\" content=\"2 minutes\" \/>\n<script type=\"application\/ld+json\" class=\"yoast-schema-graph\">{\"@context\":\"https:\/\/schema.org\",\"@graph\":[{\"@type\":\"WebPage\",\"@id\":\"https:\/\/psychologue-carolineverges.com\/index.php\/ma-pratique\/\",\"url\":\"https:\/\/psychologue-carolineverges.com\/index.php\/ma-pratique\/\",\"name\":\"Ma pratique - Caroline Verg\u00e8s\",\"isPartOf\":{\"@id\":\"https:\/\/psychologue-carolineverges.com\/#website\"},\"datePublished\":\"2017-09-22T13:13:21+00:00\",\"dateModified\":\"2026-02-20T09:19:57+00:00\",\"breadcrumb\":{\"@id\":\"https:\/\/psychologue-carolineverges.com\/index.php\/ma-pratique\/#breadcrumb\"},\"inLanguage\":\"fr-FR\",\"potentialAction\":[{\"@type\":\"ReadAction\",\"target\":[\"https:\/\/psychologue-carolineverges.com\/index.php\/ma-pratique\/\"]}]},{\"@type\":\"BreadcrumbList\",\"@id\":\"https:\/\/psychologue-carolineverges.com\/index.php\/ma-pratique\/#breadcrumb\",\"itemListElement\":[{\"@type\":\"ListItem\",\"position\":1,\"name\":\"Accueil\",\"item\":\"https:\/\/psychologue-carolineverges.com\/\"},{\"@type\":\"ListItem\",\"position\":2,\"name\":\"Ma pratique\"}]},{\"@type\":\"WebSite\",\"@id\":\"https:\/\/psychologue-carolineverges.com\/#website\",\"url\":\"https:\/\/psychologue-carolineverges.com\/\",\"name\":\"Caroline Verg\u00e8s\",\"description\":\"Psychologue - Th\u00e9rapeute\",\"potentialAction\":[{\"@type\":\"SearchAction\",\"target\":{\"@type\":\"EntryPoint\",\"urlTemplate\":\"https:\/\/psychologue-carolineverges.com\/?s={search_term_string}\"},\"query-input\":{\"@type\":\"PropertyValueSpecification\",\"valueRequired\":true,\"valueName\":\"search_term_string\"}}],\"inLanguage\":\"fr-FR\"}]}<\/script>\n<!-- \/ Yoast SEO plugin. -->","yoast_head_json":{"title":"Ma pratique - Caroline Verg\u00e8s","robots":{"index":"index","follow":"follow","max-snippet":"max-snippet:-1","max-image-preview":"max-image-preview:large","max-video-preview":"max-video-preview:-1"},"canonical":"https:\/\/psychologue-carolineverges.com\/index.php\/ma-pratique\/","og_locale":"fr_FR","og_type":"article","og_title":"Ma pratique - Caroline Verg\u00e8s","og_description":"Chaque individu \u00e9tant unique, j\u2019adapte ma prise en charge th\u00e9rapeutique en fonction de votre demande, de votre probl\u00e9matique et de vos caract\u00e9ristiques personnelles. Mon approche s\u2019inspire de l\u2019orientation humaniste et int\u00e9grative, fond\u00e9e sur la th\u00e9orie que l\u2019\u00eatre humain porte en lui le potentiel d\u2019aller mieux et de se r\u00e9aliser pleinement. Les entretiens ont lieu sous [&hellip;]","og_url":"https:\/\/psychologue-carolineverges.com\/index.php\/ma-pratique\/","og_site_name":"Caroline Verg\u00e8s","article_modified_time":"2026-02-20T09:19:57+00:00","twitter_card":"summary_large_image","twitter_misc":{"Dur\u00e9e de lecture estim\u00e9e":"2 minutes"},"schema":{"@context":"https:\/\/schema.org","@graph":[{"@type":"WebPage","@id":"https:\/\/psychologue-carolineverges.com\/index.php\/ma-pratique\/","url":"https:\/\/psychologue-carolineverges.com\/index.php\/ma-pratique\/","name":"Ma pratique - Caroline Verg\u00e8s","isPartOf":{"@id":"https:\/\/psychologue-carolineverges.com\/#website"},"datePublished":"2017-09-22T13:13:21+00:00","dateModified":"2026-02-20T09:19:57+00:00","breadcrumb":{"@id":"https:\/\/psychologue-carolineverges.com\/index.php\/ma-pratique\/#breadcrumb"},"inLanguage":"fr-FR","potentialAction":[{"@type":"ReadAction","target":["https:\/\/psychologue-carolineverges.com\/index.php\/ma-pratique\/"]}]},{"@type":"BreadcrumbList","@id":"https:\/\/psychologue-carolineverges.com\/index.php\/ma-pratique\/#breadcrumb","itemListElement":[{"@type":"ListItem","position":1,"name":"Accueil","item":"https:\/\/psychologue-carolineverges.com\/"},{"@type":"ListItem","position":2,"name":"Ma pratique"}]},{"@type":"WebSite","@id":"https:\/\/psychologue-carolineverges.com\/#website","url":"https:\/\/psychologue-carolineverges.com\/","name":"Caroline Verg\u00e8s","description":"Psychologue - Th\u00e9rapeute","potentialAction":[{"@type":"SearchAction","target":{"@type":"EntryPoint","urlTemplate":"https:\/\/psychologue-carolineverges.com\/?s={search_term_string}"},"query-input":{"@type":"PropertyValueSpecification","valueRequired":true,"valueName":"search_term_string"}}],"inLanguage":"fr-FR"}]}},"_links":{"self":[{"href":"https:\/\/psychologue-carolineverges.com\/index.php\/wp-json\/wp\/v2\/pages\/33","targetHints":{"allow":["GET"]}}],"collection":[{"href":"https:\/\/psychologue-carolineverges.com\/index.php\/wp-json\/wp\/v2\/pages"}],"about":[{"href":"https:\/\/psychologue-carolineverges.com\/index.php\/wp-json\/wp\/v2\/types\/page"}],"author":[{"embeddable":true,"href":"https:\/\/psychologue-carolineverges.com\/index.php\/wp-json\/wp\/v2\/users\/1"}],"replies":[{"embeddable":true,"href":"https:\/\/psychologue-carolineverges.com\/index.php\/wp-json\/wp\/v2\/comments?post=33"}],"version-history":[{"count":7,"href":"https:\/\/psychologue-carolineverges.com\/index.php\/wp-json\/wp\/v2\/pages\/33\/revisions"}],"predecessor-version":[{"id":138,"href":"https:\/\/psychologue-carolineverges.com\/index.php\/wp-json\/wp\/v2\/pages\/33\/revisions\/138"}],"wp:attachment":[{"href":"https:\/\/psychologue-carolineverges.com\/index.php\/wp-json\/wp\/v2\/media?parent=33"}],"curies":[{"name":"wp","href":"https:\/\/api.w.org\/{rel}","templated":true}]}}