{"id":30,"date":"2017-09-22T15:09:21","date_gmt":"2017-09-22T13:09:21","guid":{"rendered":"http:\/\/psychologue-carolineverges.com\/?page_id=30"},"modified":"2018-07-04T21:02:08","modified_gmt":"2018-07-04T19:02:08","slug":"pourquoi-consulter","status":"publish","type":"page","link":"https:\/\/psychologue-carolineverges.com\/index.php\/pourquoi-consulter\/","title":{"rendered":"Pourquoi consulter ?"},"content":{"rendered":"<p>Diff\u00e9rentes raisons peuvent vous amener \u00e0 consulter un psychologue\u00a0: un mal-\u00eatre, une souffrance morale, une difficult\u00e9 passag\u00e8re ou chronique, un \u00e9v\u00e9nement de vie (deuil, s\u00e9paration, maladie, perte d\u2019emploi, \u2026), des difficult\u00e9s relationnelles, etc.<\/p>\n<p><img loading=\"lazy\" decoding=\"async\" class=\"size-full wp-image-112 alignleft\" src=\"http:\/\/psychologue-carolineverges.com\/wp-content\/uploads\/2018\/07\/Pont-avec-des-traces-de-pieds.jpg\" alt=\"\" width=\"226\" height=\"340\" srcset=\"https:\/\/psychologue-carolineverges.com\/wp-content\/uploads\/2018\/07\/Pont-avec-des-traces-de-pieds.jpg 226w, https:\/\/psychologue-carolineverges.com\/wp-content\/uploads\/2018\/07\/Pont-avec-des-traces-de-pieds-199x300.jpg 199w\" sizes=\"auto, (max-width: 226px) 100vw, 226px\" \/>Vous pouvez prendre RDVsans \u00eatre tr\u00e8s s\u00fbr de ce que vous cherchez, vous pouvez venir en ayant un objectif pr\u00e9cis ou vouloir faire le point dans votre vie, toutes les demandes sont l\u00e9gitimes.<\/p>\n<p>Consulter un psychologue n\u2019est pas toujours une d\u00e9marche facile ou \u00e9vidente, il faut du temps pour se faire \u00e0 l\u2019id\u00e9e que l\u2019on peut avoir besoin d\u2019\u00eatre aid\u00e9. Certaines personnes peuvent avoir peur du jugement d\u2019autrui, avoir honte d\u2019\u00e9prouver un mal \u00eatre ou une difficult\u00e9 dans une soci\u00e9t\u00e9 qui valorise la performance ou tout simplement craindre les pr\u00e9jug\u00e9s li\u00e9s \u00e0 ce m\u00e9tier et ne pas oser franchir l\u2019\u00e9tape.<\/p>\n<p>Or, nous pouvons tous \u00e0 un moment particulier de notre vie avoir besoin d\u2019\u00eatre \u00e9cout\u00e9, d\u2019\u00eatre accompagn\u00e9 ou de trouver une solution par rapport \u00e0 ce que nous vivons. La th\u00e9rapie est ainsi un moment pour soi o\u00f9 l\u2019on peut dans un espace bienveillant, confidentiel et protecteur, exprimer ses difficult\u00e9s personnelles, familiales et \/ou professionnelles, sans \u00eatre jug\u00e9 et \u00e0 son rythme.<\/p>\n<p>&nbsp;<\/p>\n<p>&nbsp;<\/p>\n<p>&nbsp;<\/p>\n<p>&nbsp;<\/p>\n<p>&nbsp;<\/p>\n<p>&nbsp;<\/p>\n<p>&nbsp;<\/p>\n","protected":false},"excerpt":{"rendered":"<p>Diff\u00e9rentes raisons peuvent vous amener \u00e0 consulter un psychologue\u00a0: un mal-\u00eatre, une souffrance morale, une difficult\u00e9 passag\u00e8re ou chronique, un \u00e9v\u00e9nement de vie (deuil, s\u00e9paration, maladie, perte d\u2019emploi, \u2026), des difficult\u00e9s relationnelles, etc. Vous pouvez prendre RDVsans \u00eatre tr\u00e8s s\u00fbr de ce que vous cherchez, vous pouvez venir en ayant un objectif pr\u00e9cis ou vouloir [&hellip;]<\/p>\n","protected":false},"author":1,"featured_media":0,"parent":0,"menu_order":2,"comment_status":"closed","ping_status":"closed","template":"template-full-width.php","meta":{"footnotes":""},"class_list":["post-30","page","type-page","status-publish","hentry"],"yoast_head":"<!-- This site is optimized with the Yoast SEO plugin v27.0 - https:\/\/yoast.com\/product\/yoast-seo-wordpress\/ -->\n<title>Pourquoi consulter ? - Caroline Verg\u00e8s<\/title>\n<meta name=\"robots\" content=\"index, follow, max-snippet:-1, max-image-preview:large, max-video-preview:-1\" \/>\n<link rel=\"canonical\" href=\"https:\/\/psychologue-carolineverges.com\/index.php\/pourquoi-consulter\/\" \/>\n<meta property=\"og:locale\" content=\"fr_FR\" \/>\n<meta property=\"og:type\" content=\"article\" \/>\n<meta property=\"og:title\" content=\"Pourquoi consulter ? - Caroline Verg\u00e8s\" \/>\n<meta property=\"og:description\" content=\"Diff\u00e9rentes raisons peuvent vous amener \u00e0 consulter un psychologue\u00a0: un mal-\u00eatre, une souffrance morale, une difficult\u00e9 passag\u00e8re ou chronique, un \u00e9v\u00e9nement de vie (deuil, s\u00e9paration, maladie, perte d\u2019emploi, \u2026), des difficult\u00e9s relationnelles, etc. Vous pouvez prendre RDVsans \u00eatre tr\u00e8s s\u00fbr de ce que vous cherchez, vous pouvez venir en ayant un objectif pr\u00e9cis ou vouloir [&hellip;]\" \/>\n<meta property=\"og:url\" content=\"https:\/\/psychologue-carolineverges.com\/index.php\/pourquoi-consulter\/\" \/>\n<meta property=\"og:site_name\" content=\"Caroline Verg\u00e8s\" \/>\n<meta property=\"article:modified_time\" content=\"2018-07-04T19:02:08+00:00\" \/>\n<meta property=\"og:image\" content=\"https:\/\/psychologue-carolineverges.com\/wp-content\/uploads\/2018\/07\/Pont-avec-des-traces-de-pieds.jpg\" \/>\n\t<meta property=\"og:image:width\" content=\"226\" \/>\n\t<meta property=\"og:image:height\" content=\"340\" \/>\n\t<meta property=\"og:image:type\" content=\"image\/jpeg\" \/>\n<meta name=\"twitter:card\" content=\"summary_large_image\" \/>\n<meta name=\"twitter:label1\" content=\"Dur\u00e9e de lecture estim\u00e9e\" \/>\n\t<meta name=\"twitter:data1\" content=\"1 minute\" \/>\n<script type=\"application\/ld+json\" class=\"yoast-schema-graph\">{\"@context\":\"https:\/\/schema.org\",\"@graph\":[{\"@type\":\"WebPage\",\"@id\":\"https:\/\/psychologue-carolineverges.com\/index.php\/pourquoi-consulter\/\",\"url\":\"https:\/\/psychologue-carolineverges.com\/index.php\/pourquoi-consulter\/\",\"name\":\"Pourquoi consulter ? - Caroline Verg\u00e8s\",\"isPartOf\":{\"@id\":\"https:\/\/psychologue-carolineverges.com\/#website\"},\"primaryImageOfPage\":{\"@id\":\"https:\/\/psychologue-carolineverges.com\/index.php\/pourquoi-consulter\/#primaryimage\"},\"image\":{\"@id\":\"https:\/\/psychologue-carolineverges.com\/index.php\/pourquoi-consulter\/#primaryimage\"},\"thumbnailUrl\":\"http:\/\/psychologue-carolineverges.com\/wp-content\/uploads\/2018\/07\/Pont-avec-des-traces-de-pieds.jpg\",\"datePublished\":\"2017-09-22T13:09:21+00:00\",\"dateModified\":\"2018-07-04T19:02:08+00:00\",\"breadcrumb\":{\"@id\":\"https:\/\/psychologue-carolineverges.com\/index.php\/pourquoi-consulter\/#breadcrumb\"},\"inLanguage\":\"fr-FR\",\"potentialAction\":[{\"@type\":\"ReadAction\",\"target\":[\"https:\/\/psychologue-carolineverges.com\/index.php\/pourquoi-consulter\/\"]}]},{\"@type\":\"ImageObject\",\"inLanguage\":\"fr-FR\",\"@id\":\"https:\/\/psychologue-carolineverges.com\/index.php\/pourquoi-consulter\/#primaryimage\",\"url\":\"https:\/\/psychologue-carolineverges.com\/wp-content\/uploads\/2018\/07\/Pont-avec-des-traces-de-pieds.jpg\",\"contentUrl\":\"https:\/\/psychologue-carolineverges.com\/wp-content\/uploads\/2018\/07\/Pont-avec-des-traces-de-pieds.jpg\",\"width\":226,\"height\":340},{\"@type\":\"BreadcrumbList\",\"@id\":\"https:\/\/psychologue-carolineverges.com\/index.php\/pourquoi-consulter\/#breadcrumb\",\"itemListElement\":[{\"@type\":\"ListItem\",\"position\":1,\"name\":\"Accueil\",\"item\":\"https:\/\/psychologue-carolineverges.com\/\"},{\"@type\":\"ListItem\",\"position\":2,\"name\":\"Pourquoi consulter ?\"}]},{\"@type\":\"WebSite\",\"@id\":\"https:\/\/psychologue-carolineverges.com\/#website\",\"url\":\"https:\/\/psychologue-carolineverges.com\/\",\"name\":\"Caroline Verg\u00e8s\",\"description\":\"Psychologue - Th\u00e9rapeute\",\"potentialAction\":[{\"@type\":\"SearchAction\",\"target\":{\"@type\":\"EntryPoint\",\"urlTemplate\":\"https:\/\/psychologue-carolineverges.com\/?s={search_term_string}\"},\"query-input\":{\"@type\":\"PropertyValueSpecification\",\"valueRequired\":true,\"valueName\":\"search_term_string\"}}],\"inLanguage\":\"fr-FR\"}]}<\/script>\n<!-- \/ Yoast SEO plugin. -->","yoast_head_json":{"title":"Pourquoi consulter ? - Caroline Verg\u00e8s","robots":{"index":"index","follow":"follow","max-snippet":"max-snippet:-1","max-image-preview":"max-image-preview:large","max-video-preview":"max-video-preview:-1"},"canonical":"https:\/\/psychologue-carolineverges.com\/index.php\/pourquoi-consulter\/","og_locale":"fr_FR","og_type":"article","og_title":"Pourquoi consulter ? - Caroline Verg\u00e8s","og_description":"Diff\u00e9rentes raisons peuvent vous amener \u00e0 consulter un psychologue\u00a0: un mal-\u00eatre, une souffrance morale, une difficult\u00e9 passag\u00e8re ou chronique, un \u00e9v\u00e9nement de vie (deuil, s\u00e9paration, maladie, perte d\u2019emploi, \u2026), des difficult\u00e9s relationnelles, etc. Vous pouvez prendre RDVsans \u00eatre tr\u00e8s s\u00fbr de ce que vous cherchez, vous pouvez venir en ayant un objectif pr\u00e9cis ou vouloir [&hellip;]","og_url":"https:\/\/psychologue-carolineverges.com\/index.php\/pourquoi-consulter\/","og_site_name":"Caroline Verg\u00e8s","article_modified_time":"2018-07-04T19:02:08+00:00","og_image":[{"width":226,"height":340,"url":"https:\/\/psychologue-carolineverges.com\/wp-content\/uploads\/2018\/07\/Pont-avec-des-traces-de-pieds.jpg","type":"image\/jpeg"}],"twitter_card":"summary_large_image","twitter_misc":{"Dur\u00e9e de lecture estim\u00e9e":"1 minute"},"schema":{"@context":"https:\/\/schema.org","@graph":[{"@type":"WebPage","@id":"https:\/\/psychologue-carolineverges.com\/index.php\/pourquoi-consulter\/","url":"https:\/\/psychologue-carolineverges.com\/index.php\/pourquoi-consulter\/","name":"Pourquoi consulter ? - Caroline Verg\u00e8s","isPartOf":{"@id":"https:\/\/psychologue-carolineverges.com\/#website"},"primaryImageOfPage":{"@id":"https:\/\/psychologue-carolineverges.com\/index.php\/pourquoi-consulter\/#primaryimage"},"image":{"@id":"https:\/\/psychologue-carolineverges.com\/index.php\/pourquoi-consulter\/#primaryimage"},"thumbnailUrl":"http:\/\/psychologue-carolineverges.com\/wp-content\/uploads\/2018\/07\/Pont-avec-des-traces-de-pieds.jpg","datePublished":"2017-09-22T13:09:21+00:00","dateModified":"2018-07-04T19:02:08+00:00","breadcrumb":{"@id":"https:\/\/psychologue-carolineverges.com\/index.php\/pourquoi-consulter\/#breadcrumb"},"inLanguage":"fr-FR","potentialAction":[{"@type":"ReadAction","target":["https:\/\/psychologue-carolineverges.com\/index.php\/pourquoi-consulter\/"]}]},{"@type":"ImageObject","inLanguage":"fr-FR","@id":"https:\/\/psychologue-carolineverges.com\/index.php\/pourquoi-consulter\/#primaryimage","url":"https:\/\/psychologue-carolineverges.com\/wp-content\/uploads\/2018\/07\/Pont-avec-des-traces-de-pieds.jpg","contentUrl":"https:\/\/psychologue-carolineverges.com\/wp-content\/uploads\/2018\/07\/Pont-avec-des-traces-de-pieds.jpg","width":226,"height":340},{"@type":"BreadcrumbList","@id":"https:\/\/psychologue-carolineverges.com\/index.php\/pourquoi-consulter\/#breadcrumb","itemListElement":[{"@type":"ListItem","position":1,"name":"Accueil","item":"https:\/\/psychologue-carolineverges.com\/"},{"@type":"ListItem","position":2,"name":"Pourquoi consulter ?"}]},{"@type":"WebSite","@id":"https:\/\/psychologue-carolineverges.com\/#website","url":"https:\/\/psychologue-carolineverges.com\/","name":"Caroline Verg\u00e8s","description":"Psychologue - Th\u00e9rapeute","potentialAction":[{"@type":"SearchAction","target":{"@type":"EntryPoint","urlTemplate":"https:\/\/psychologue-carolineverges.com\/?s={search_term_string}"},"query-input":{"@type":"PropertyValueSpecification","valueRequired":true,"valueName":"search_term_string"}}],"inLanguage":"fr-FR"}]}},"_links":{"self":[{"href":"https:\/\/psychologue-carolineverges.com\/index.php\/wp-json\/wp\/v2\/pages\/30","targetHints":{"allow":["GET"]}}],"collection":[{"href":"https:\/\/psychologue-carolineverges.com\/index.php\/wp-json\/wp\/v2\/pages"}],"about":[{"href":"https:\/\/psychologue-carolineverges.com\/index.php\/wp-json\/wp\/v2\/types\/page"}],"author":[{"embeddable":true,"href":"https:\/\/psychologue-carolineverges.com\/index.php\/wp-json\/wp\/v2\/users\/1"}],"replies":[{"embeddable":true,"href":"https:\/\/psychologue-carolineverges.com\/index.php\/wp-json\/wp\/v2\/comments?post=30"}],"version-history":[{"count":6,"href":"https:\/\/psychologue-carolineverges.com\/index.php\/wp-json\/wp\/v2\/pages\/30\/revisions"}],"predecessor-version":[{"id":123,"href":"https:\/\/psychologue-carolineverges.com\/index.php\/wp-json\/wp\/v2\/pages\/30\/revisions\/123"}],"wp:attachment":[{"href":"https:\/\/psychologue-carolineverges.com\/index.php\/wp-json\/wp\/v2\/media?parent=30"}],"curies":[{"name":"wp","href":"https:\/\/api.w.org\/{rel}","templated":true}]}}